{"id":76193,"date":"2026-01-01T14:22:13","date_gmt":"2026-01-01T13:22:13","guid":{"rendered":"https:\/\/lumi-systems.io\/?page_id=76193"},"modified":"2026-04-16T09:06:17","modified_gmt":"2026-04-16T07:06:17","slug":"linux-desktop-betriebssysteme","status":"publish","type":"page","link":"https:\/\/lumi-systems.io\/en\/linux-desktop-betriebssysteme\/","title":{"rendered":"Linux Desktop Betriebssysteme"},"content":{"rendered":"<!-- LUMI-SYSTEMS.IO LINUX DESKTOP BETRIEBSSYSTEME -->\n<!-- Migrated from Elementor to Gutenberg\/Kadence -->\n\n<style>\n#lumi-linux-page {\n    font-family: -apple-system, BlinkMacSystemFont, 'Segoe UI', Roboto, sans-serif;\n    color: #1f2937;\n    line-height: 1.6;\n}\n\n.hero-section {\n    background: linear-gradient(135deg, #0f172a 0%, #1a2d4d 100%);\n    color: white;\n    padding: 60px 20px;\n    margin-bottom: 60px;\n    border-radius: 12px;\n}\n\n.hero-badge {\n    display: inline-block;\n    background: rgba(6, 182, 212, 0.2);\n    border: 1px solid #06b6d4;\n    color: #06b6d4;\n    padding: 8px 16px;\n    border-radius: 24px;\n    font-size: 13px;\n    font-weight: 600;\n    margin-bottom: 24px;\n}\n\n.hero-content {\n    max-width: 700px;\n}\n\n.hero-content h1 {\n    font-size: 48px;\n    font-weight: 800;\n    line-height: 1.2;\n    margin-bottom: 24px;\n    color: #ffffff;\n}\n\n.hero-content p {\n    font-size: 18px;\n    color: #e5e7eb;\n    margin-bottom: 32px;\n    line-height: 1.8;\n}\n\n.stats-grid {\n    display: grid;\n    grid-template-columns: repeat(auto-fit, minmax(200px, 1fr));\n    gap: 20px;\n    margin-top: 40px;\n}\n\n.stat-card {\n    background: rgba(255, 255, 255, 0.1);\n    padding: 20px;\n    border-radius: 8px;\n    border: 1px solid rgba(255, 255, 255, 0.2);\n}\n\n.stat-number {\n    font-size: 32px;\n    font-weight: 700;\n    color: #06b6d4;\n}\n\n.stat-label {\n    font-size: 14px;\n    color: #ccc;\n    margin-top: 8px;\n}\n\n.section {\n    max-width: 1200px;\n    margin: 80px auto;\n    padding: 0 20px;\n}\n\n.section h2 {\n    font-size: 36px;\n    font-weight: 700;\n    color: #0f172a;\n    margin-bottom: 16px;\n}\n\n.section p {\n    font-size: 16px;\n    color: #666;\n    margin-bottom: 32px;\n}\n\n.benefits-grid {\n    display: grid;\n    grid-template-columns: repeat(auto-fit, minmax(250px, 1fr));\n    gap: 30px;\n    margin-top: 40px;\n}\n\n.benefit-card {\n    padding: 24px;\n    background: #f9fafb;\n    border-radius: 8px;\n    border: 1px solid #e5e7eb;\n}\n\n.benefit-icon {\n    font-size: 32px;\n    margin-bottom: 12px;\n}\n\n.benefit-card h3 {\n    font-size: 18px;\n    font-weight: 600;\n    color: #0f172a;\n    margin-bottom: 12px;\n}\n\n.benefit-card p {\n    font-size: 14px;\n    color: #666;\n    margin: 0;\n}\n\n.distro-showcase {\n    display: grid;\n    grid-template-columns: repeat(auto-fit, minmax(280px, 1fr));\n    gap: 30px;\n    margin-top: 40px;\n}\n\n.distro-card {\n    background: white;\n    border-radius: 8px;\n    overflow: hidden;\n    box-shadow: 0 2px 8px rgba(0, 0, 0, 0.1);\n    transition: transform 0.2s, box-shadow 0.2s;\n}\n\n.distro-card:hover {\n    transform: translateY(-4px);\n    box-shadow: 0 4px 16px rgba(0, 0, 0, 0.15);\n}\n\n.distro-badge {\n    display: inline-block;\n    background: #06b6d4;\n    color: white;\n    padding: 6px 12px;\n    border-radius: 4px;\n    font-size: 12px;\n    font-weight: 600;\n    margin: 12px;\n}\n\n.distro-content {\n    padding: 20px;\n}\n\n.distro-content h3 {\n    font-size: 20px;\n    font-weight: 600;\n    color: #0f172a;\n    margin: 12px 0;\n}\n\n.distro-content p {\n    font-size: 14px;\n    color: #666;\n    margin: 8px 0;\n}\n\n.faq-section {\n    max-width: 800px;\n    margin: 80px auto;\n    padding: 0 20px;\n}\n\ndetails {\n    margin-bottom: 16px;\n    border: 1px solid #e5e7eb;\n    border-radius: 8px;\n    padding: 16px;\n}\n\nsummary {\n    font-weight: 600;\n    color: #0f172a;\n    cursor: pointer;\n    user-select: none;\n}\n\nsummary:hover {\n    color: #1a56db;\n}\n\ndetails p {\n    margin: 12px 0 0 0;\n    color: #666;\n}\n\n.cta-section {\n    background: linear-gradient(135deg, #1a56db 0%, #06b6d4 100%);\n    color: white;\n    padding: 60px 20px;\n    border-radius: 12px;\n    text-align: center;\n    margin: 80px auto;\n    max-width: 1000px;\n}\n\n.cta-section h2 {\n    color: white;\n    margin-bottom: 16px;\n}\n\n.cta-section p {\n    color: rgba(255, 255, 255, 0.9);\n    font-size: 18px;\n    margin-bottom: 32px;\n}\n\n.btn {\n    display: inline-block;\n    padding: 12px 32px;\n    margin: 8px;\n    border-radius: 6px;\n    text-decoration: none;\n    font-weight: 600;\n    transition: all 0.2s;\n}\n\n.btn-primary {\n    background: white;\n    color: #1a56db;\n}\n\n.btn-primary:hover {\n    transform: translateY(-2px);\n    box-shadow: 0 10px 20px rgba(0, 0, 0, 0.2);\n}\n\n.container {\n    max-width: 1200px;\n    margin: 0 auto;\n    padding: 0 20px;\n}\n\n@media (max-width: 768px) {\n    .hero-content h1 {\n        font-size: 32px;\n    }\n    \n    .section h2 {\n        font-size: 28px;\n    }\n    \n    .stats-grid {\n        grid-template-columns: repeat(2, 1fr);\n    }\n}\n<\/style>\n\n<div id=\"lumi-linux-page\">\n    <section class=\"hero-section\">\n        <div class=\"container\">\n            <span class=\"hero-badge\">Linux Marktanteil w\u00e4chst um 70%<\/span>\n            <div class=\"hero-content\">\n                <h1>Windows 10 endet.<br>Deine Freiheit beginnt.<\/h1>\n                <p>Am 14. Oktober 2025 endete der Support f\u00fcr Windows 10. Verabschieden Sie sich von Zwangsupdates und \u00dcberwachung.<\/p>\n                <p>Wir bieten refurbished Notebooks mit Garantie und vorinstalliertem Linux-Betriebssystem an, um diese Ger\u00e4te weiter verwenden zu k\u00f6nnen, nicht wegwerfen zu m\u00fcssen und dadurch elektronischen Abfall zu reduzieren.<\/p>\n                \n                <div class=\"stats-grid\">\n                    <div class=\"stat-card\">\n                        <div class=\"stat-number\">+70%<\/div>\n                        <div class=\"stat-label\">Linux Wachstum (seit 2022)<\/div>\n                    <\/div>\n                    <div class=\"stat-card\">\n                        <div class=\"stat-number\">83%<\/div>\n                        <div class=\"stat-label\">Malware Ziel: Windows<\/div>\n                    <\/div>\n                    <div class=\"stat-card\">\n                        <div class=\"stat-number\">&lt; 3%<\/div>\n                        <div class=\"stat-label\">Malware Ziel: Linux<\/div>\n                    <\/div>\n                <\/div>\n            <\/div>\n        <\/div>\n    <\/section>\n    \n    <section class=\"section\">\n        <h2>Die Uhr tickt<\/h2>\n        <p>Warum jetzt der richtige Zeitpunkt ist<\/p>\n        <p>Der 14. Oktober 2025 markierte eine Zeitenwende. Microsoft sch\u00e4tzt, dass 400 Millionen PCs nicht auf Windows 11 aktualisiert werden k\u00f6nnen. Lassen Sie Ihre Hardware nicht obsolet werden.<\/p>\n        \n        <div class=\"benefits-grid\">\n            <div class=\"benefit-card\">\n                <div class=\"benefit-icon\">\ud83d\udd12<\/div>\n                <h3>Keine Sicherheitsupdates<\/h3>\n                <p>Nach dem Stichtag wurde Windows 10 zum Sicherheitsrisiko. Ohne Patches sind Ihre Daten schutzlos.<\/p>\n            <\/div>\n            <div class=\"benefit-card\">\n                <div class=\"benefit-icon\">\ud83d\udee1\ufe0f<\/div>\n                <h3>Privatsph\u00e4re &#038; DSGVO<\/h3>\n                <p>Die EU kritisierte Microsoft 365 wegen Datenschutzverst\u00f6\u00dfen. Linux respektiert Ihre Privatsph\u00e4re.<\/p>\n            <\/div>\n            <div class=\"benefit-card\">\n                <div class=\"benefit-icon\">\u267b\ufe0f<\/div>\n                <h3>Geplante Obsoleszenz<\/h3>\n                <p>Linux l\u00e4uft selbst auf 15 Jahre alten Notebooks schnell und sicher, w\u00e4hrend Windows neue Hardware verlangt.<\/p>\n            <\/div>\n        <\/div>\n    <\/section>\n    \n    <section class=\"section\">\n        <h2>Digitale Souver\u00e4nit\u00e4t. Made in Europe.<\/h2>\n        <p>In ganz Europa wechseln Regierungen und Beh\u00f6rden zu Linux. Das \u00f6sterreichische Bundesheer spart j\u00e4hrlich 6,5 Millionen Euro durch den Einsatz von Open-Source-Software.<\/p>\n        \n        <div class=\"benefits-grid\">\n            <div class=\"benefit-card\">\n                <div class=\"benefit-icon\">\u26a1<\/div>\n                <h3>Schneller als am ersten Tag<\/h3>\n                <p>Linux verbraucht drastisch weniger Ressourcen als Windows.<\/p>\n            <\/div>\n            <div class=\"benefit-card\">\n                <div class=\"benefit-icon\">\ud83d\udd10<\/div>\n                <h3>Sicherheit &#8222;By Design&#8220;<\/h3>\n                <p>Kein teures Antiviren-Abo n\u00f6tig.<\/p>\n            <\/div>\n            <div class=\"benefit-card\">\n                <div class=\"benefit-icon\">\ud83d\udcb0<\/div>\n                <h3>Kostenlose Software<\/h3>\n                <p>Office, Grafik und Video Programme sind kostenlos verf\u00fcgbar.<\/p>\n            <\/div>\n        <\/div>\n    <\/section>\n    \n    <section class=\"section\">\n        <h2>Keine Angst vor dem Pinguin<\/h2>\n        <p>Modernes Linux ist intuitiv und sch\u00f6n. F\u00fcr Windows-Umsteiger empfehlen wir speziell diese Distributionen.<\/p>\n        \n        <div class=\"distro-showcase\">\n            <div class=\"distro-card\">\n                <span class=\"distro-badge\">Bestseller<\/span>\n                <div class=\"distro-content\">\n                    <h3>Ubuntu &#038; Linux Mint &#8222;Cinnamon&#8220;<\/h3>\n                    <p>Die perfekte Br\u00fccke. Startmen\u00fc und Taskleiste dort, wo Sie es erwarten.<\/p>\n                    <p style=\"margin-top: 12px; font-weight: 600;\">Ideal f\u00fcr: Desktop-PC &#038; Office<\/p>\n                <\/div>\n            <\/div>\n            \n            <div class=\"distro-card\">\n                <span class=\"distro-badge\">Modern &#038; Schnell<\/span>\n                <div class=\"distro-content\">\n                    <h3>Zorin OS<\/h3>\n                    <p>Sieht modern aus und die &#8222;Lite&#8220;-Version haucht alten Laptops neues Leben ein. Zorin OS 18 bietet noch mehr Funktionalit\u00e4t.<\/p>\n                    <p style=\"margin-top: 12px; font-weight: 600;\">Ideal f\u00fcr: Office, Business und Schule<\/p>\n                <\/div>\n            <\/div>\n            \n            <div class=\"distro-card\">\n                <span class=\"distro-badge\">Community-Favorit<\/span>\n                <div class=\"distro-content\">\n                    <h3>Fedora<\/h3>\n                    <p>F\u00fcr Entwickler und Power-User. Neueste Technologien und robuste Stabilit\u00e4t.<\/p>\n                    <p style=\"margin-top: 12px; font-weight: 600;\">Ideal f\u00fcr: Entwicklung und Systemadministration<\/p>\n                <\/div>\n            <\/div>\n        <\/div>\n    <\/section>\n    \n    <section class=\"section\">\n        <h2>H\u00e4ufige Fragen zum Wechsel<\/h2>\n        \n        <details>\n            <summary>Laufen meine gewohnten Programme?<\/summary>\n            <p>Die meisten Programme haben direkte Alternativen oder laufen auch auf Linux. Microsoft Office funktioniert \u00fcber OnlyOffice oder LibreOffice. Adobe-Programme haben kostenlose Open-Source-Alternativen wie GIMP und Inkscape.<\/p>\n        <\/details>\n        \n        <details>\n            <summary>Muss ich Befehle in ein Terminal eintippen?<\/summary>\n            <p>Nein. Moderne Distributionen haben einen App-Store, genau wie Ihr Smartphone. Alles ist graphisch bedienbar. Terminal-Befehle sind optional f\u00fcr Power-User.<\/p>\n        <\/details>\n        \n        <details>\n            <summary>Ist mein Drucker\/Scanner kompatibel?<\/summary>\n            <p>In den meisten F\u00e4llen: Ja, sogar besser als unter Windows. Linux-Treiber sind oft stabiler und die Kompatibilit\u00e4t ist breiter. Pr\u00fcfen Sie vor dem Kauf auf lprinting.org.<\/p>\n        <\/details>\n        \n        <details>\n            <summary>Kann ich Linux neben Windows installieren (Dual-Boot)?<\/summary>\n            <p>Ja, absolut. Sie k\u00f6nnen beide Systeme parallel installieren und beim Start ausw\u00e4hlen, welches Sie verwenden m\u00f6chten.<\/p>\n        <\/details>\n    <\/section>\n    \n    <section class=\"cta-section\">\n        <div class=\"container\">\n            <h2>Bereit f\u00fcr den Umstieg?<\/h2>\n            <p>Lumi-Systems.io hilft Ihnen beim sicheren Wechsel. Wir bieten fertig installierte, hochwertige Refurbished Notebooks.<\/p>\n            <a href=\"https:\/\/lumi-systems.io\/en\/shop\/\" class=\"btn btn-primary\">Refurbished Notebook finden<\/a>\n            <a href=\"https:\/\/dolibarr.lumi-systems.io\/public\/ticket\/index.php?entity=1\" class=\"btn btn-primary\">Kontakt aufnehmen<\/a>\n            <p style=\"margin-top: 32px; font-size: 14px;\">Standort: Wien, \u00d6sterreich \u2022 Versand EU-Weit \u2022 1 Jahr Garantie<\/p>\n        <\/div>\n    <\/section>\n<\/div>","protected":false},"excerpt":{"rendered":"<p>Linux Marktanteil w\u00e4chst um 70% Windows 10 endet.Deine Freiheit beginnt. Am 14. Oktober 2025 endete der Support f\u00fcr Windows 10. Verabschieden Sie sich von Zwangsupdates und \u00dcberwachung. Wir bieten refurbished Notebooks mit Garantie und vorinstalliertem Linux-Betriebssystem an, um diese Ger\u00e4te weiter verwenden zu k\u00f6nnen, nicht wegwerfen zu m\u00fcssen und dadurch elektronischen Abfall zu reduzieren. +70%&#8230;<\/p>","protected":false},"author":2,"featured_media":0,"parent":0,"menu_order":0,"comment_status":"closed","ping_status":"closed","template":"","meta":{"_monsterinsights_skip_tracking":false,"_monsterinsights_sitenote_active":false,"_monsterinsights_sitenote_note":"","_monsterinsights_sitenote_category":0,"_kad_post_transparent":"","_kad_post_title":"hide","_kad_post_layout":"fullwidth","_kad_post_sidebar_id":"","_kad_post_content_style":"unboxed","_kad_post_vertical_padding":"hide","_kad_post_feature":"hide","_kad_post_feature_position":"","_kad_post_header":false,"_kad_post_footer":false,"_kad_post_classname":"","footnotes":""},"class_list":["post-76193","page","type-page","status-publish","hentry"],"jetpack_sharing_enabled":true,"jetpack_likes_enabled":true,"_links":{"self":[{"href":"https:\/\/lumi-systems.io\/en\/wp-json\/wp\/v2\/pages\/76193","targetHints":{"allow":["GET"]}}],"collection":[{"href":"https:\/\/lumi-systems.io\/en\/wp-json\/wp\/v2\/pages"}],"about":[{"href":"https:\/\/lumi-systems.io\/en\/wp-json\/wp\/v2\/types\/page"}],"author":[{"embeddable":true,"href":"https:\/\/lumi-systems.io\/en\/wp-json\/wp\/v2\/users\/2"}],"replies":[{"embeddable":true,"href":"https:\/\/lumi-systems.io\/en\/wp-json\/wp\/v2\/comments?post=76193"}],"version-history":[{"count":20,"href":"https:\/\/lumi-systems.io\/en\/wp-json\/wp\/v2\/pages\/76193\/revisions"}],"predecessor-version":[{"id":76360,"href":"https:\/\/lumi-systems.io\/en\/wp-json\/wp\/v2\/pages\/76193\/revisions\/76360"}],"wp:attachment":[{"href":"https:\/\/lumi-systems.io\/en\/wp-json\/wp\/v2\/media?parent=76193"}],"curies":[{"name":"wp","href":"https:\/\/api.w.org\/{rel}","templated":true}]}}